{"id":15,"date":"2018-12-13T00:03:03","date_gmt":"2018-12-13T00:03:03","guid":{"rendered":"http:\/\/spsettlement.wpenginepowered.com\/?page_id=15"},"modified":"2026-01-14T20:07:46","modified_gmt":"2026-01-14T20:07:46","slug":"home","status":"publish","type":"page","link":"https:\/\/autoshinesettlement.com\/es\/","title":{"rendered":"Home"},"content":{"rendered":"<div id=\"hero-image\"  data-column-margin=\"default\" data-midnight=\"dark\"  class=\"wpb_row vc_row-fluid vc_row  right_margin_-50px left_margin_-50px right_padding_40px left_padding_40px right_margin_tablet_0px right_margin_phone_0px left_margin_tablet_0px left_margin_phone_0px\"  style=\"padding-top: 30px; padding-bottom: 30px; \"><div class=\"row-bg-wrap\" data-bg-animation=\"none\" data-bg-animation-delay=\"\" data-bg-overlay=\"false\"><div class=\"inner-wrap row-bg-layer using-image\" ><div class=\"row-bg viewport-desktop using-image\"  style=\"background-image: url(https:\/\/autoshinesettlement.com\/wp-content\/uploads\/2025\/02\/DarkGrayBackground_revised_v2.png); background-position: left bottom; background-repeat: no-repeat; \"><\/div><\/div><\/div><div class=\"row_col_wrap_12 col span_12 dark left\">\n\t<div  class=\"vc_col-sm-12 wpb_column column_container vc_column_container col no-extra-padding inherit_tablet inherit_phone flex_gap_desktop_10px\"  data-padding-pos=\"all\" data-has-bg-color=\"false\" data-bg-color=\"\" data-bg-opacity=\"1\" data-animation=\"\" data-delay=\"0\" >\n\t\t<div class=\"vc_column-inner\" >\n\t\t\t<div class=\"wpb_wrapper\">\n\t\t\t\t<div id=\"fws_69e8b99913d4b\" data-midnight=\"\" data-column-margin=\"default\" class=\"wpb_row vc_row-fluid vc_row inner_row\"  style=\"\"><div class=\"row-bg-wrap\"> <div class=\"row-bg\" ><\/div> <\/div><div class=\"row_col_wrap_12_inner col span_12  left\">\n\t<div  class=\"vc_col-sm-8 wpb_column column_container vc_column_container col child_column no-extra-padding right_margin_3pct left_margin_3pct right_margin_phone_0px left_margin_phone_0px inherit_tablet inherit_phone flex_gap_desktop_10px\"   data-padding-pos=\"left-right\" data-has-bg-color=\"false\" data-bg-color=\"\" data-bg-opacity=\"1\" data-animation=\"\" data-delay=\"0\" >\n\t\t<div class=\"vc_column-inner\" >\n\t\t<div class=\"wpb_wrapper\">\n\t\t\t<h1 style=\"font-size: 3.75rem;color: #ffffff;line-height: 1.2;text-align: left\" class=\"vc_custom_heading vc_do_custom_heading vc_custom_1767888501952\" >Autoshine Settlement<\/h1><h2 style=\"font-size: 22px;color: #ffffff;line-height: 34px;text-align: left\" class=\"vc_custom_heading vc_do_custom_heading vc_custom_1767888619972\" >Velazquez et al. v. Auto Super Wash et al., Causa No. CAM-L-003758-24,<br \/>\nTribunal Superior De Nueva Jersey<\/h2><div class=\"divider-wrap\" data-alignment=\"default\"><div style=\"height: 20px;\" class=\"divider\"><\/div><\/div><a class=\"nectar-button jumbo regular extra-color-1  regular-button\"  role=\"button\" style=\"margin-top: 30px; margin-bottom: 30px; \"  href=\"https:\/\/velazquezautosuperwash.claims-administrator.com\/?lang=es\" data-color-override=\"false\" data-hover-color-override=\"false\" data-hover-text-color-override=\"#fff\"><span>Enviar la selecci\u00f3n de pago en l\u00ednea<\/span><\/a>\n\t\t<\/div> \n\t<\/div>\n\t<\/div> \n\n\t<div  class=\"vc_col-sm-4 wpb_column column_container vc_column_container col child_column no-extra-padding inherit_tablet inherit_phone flex_gap_desktop_10px\"   data-padding-pos=\"all\" data-has-bg-color=\"false\" data-bg-color=\"\" data-bg-opacity=\"1\" data-animation=\"\" data-delay=\"0\" >\n\t\t<div class=\"vc_column-inner\" >\n\t\t<div class=\"wpb_wrapper\">\n\t\t\t\n\t\t<\/div> \n\t<\/div>\n\t<\/div> \n<\/div><\/div>\n\t\t\t<\/div> \n\t\t<\/div>\n\t<\/div> \n<\/div><\/div>\n\t\t<div id=\"fws_69e8b999148fd\"  data-column-margin=\"default\" data-midnight=\"dark\"  class=\"wpb_row vc_row-fluid vc_row\"  style=\"padding-top: 30px; padding-bottom: 50px; \"><div class=\"row-bg-wrap\" data-bg-animation=\"none\" data-bg-animation-delay=\"\" data-bg-overlay=\"false\"><div class=\"inner-wrap row-bg-layer\" ><div class=\"row-bg viewport-desktop\"  style=\"\"><\/div><\/div><\/div><div class=\"row_col_wrap_12 col span_12 dark left\">\n\t<div  class=\"vc_col-sm-12 wpb_column column_container vc_column_container col flex_gap_desktop_10px\"  data-padding-pos=\"all\" data-has-bg-color=\"false\" data-bg-color=\"\" data-bg-opacity=\"1\" data-animation=\"\" data-delay=\"0\" >\n\t\t<div class=\"vc_column-inner\" >\n\t\t\t<div class=\"wpb_wrapper\">\n\t\t\t\t\n<div class=\"wpb_text_column wpb_content_element  vc_custom_1767888881593 main\" >\n\t<p>Usted ha recibido esta notificaci\u00f3n porque los registros de los demandados indican que usted fue remunerado por los demandados como empleado no exento conforme la legislaci\u00f3n de Nueva Jersey, durante el per\u00edodo comprendido entre 6 de agosto de 2019 y el 15 de junio de 2025 (referidos como \u201cmiembros de la acci\u00f3n colectiva\u201d).<\/p>\n<p>Esta causa alega que los individuos que trabajaron o trabajan para los demandados en alguna de las ubicaciones de Nueva Jersey no fueron remunerados por las horas trabajadas, incluida la compensaci\u00f3n por horas extra, a las que ten\u00edan derecho conforme la ley. Los demandantes niegan haber dejado de pagar la totalidad de la compensaci\u00f3n que les correspond\u00eda a dichos empleados y niegan toda infracci\u00f3n, da\u00f1o o responsabilidad a cualquier persona en relaci\u00f3n con las alegaciones presentadas en la causa. El Tribunal no ha tomado una decisi\u00f3n sobre el fondo de las acusaciones.<\/p>\n<p>Este sitio web se proporciona como un servicio para los miembros elegibles del grupo de demandantes. La informaci\u00f3n proporcionada es un resumen y no pretende ser una explicaci\u00f3n completa de sus derechos. Para obtener informaci\u00f3n completa y detallada, le recomendamos que revise detenidamente lo siguiente <a href=\"\/es\/important-case-documents\/\">Notificaci\u00f3n de Acuerdo de Conciliaci\u00f3n de Acci\u00f3n Colectiva<\/a>.<\/p>\n<\/div>\n\n\n\n\n\t\t\t<\/div> \n\t\t<\/div>\n\t<\/div> \n<\/div><\/div>\n\t\t<div id=\"fws_69e8b99914b5a\"  data-column-margin=\"default\" data-midnight=\"dark\"  class=\"wpb_row vc_row-fluid vc_row full-width-section has-row-bg-color\"  style=\"padding-top: 50px; padding-bottom: 50px; --row-bg-color: #ffffff;\"><div class=\"row-bg-wrap\" data-bg-animation=\"none\" data-bg-animation-delay=\"\" data-bg-overlay=\"false\"><div class=\"inner-wrap row-bg-layer\" ><div class=\"row-bg viewport-desktop using-bg-color\"  style=\"background-color: #ffffff; \"><\/div><\/div><\/div><div class=\"row_col_wrap_12 col span_12 dark left\">\n\t<div  class=\"vc_col-sm-12 wpb_column column_container vc_column_container col no-extra-padding inherit_tablet inherit_phone flex_gap_desktop_10px\"  data-padding-pos=\"all\" data-has-bg-color=\"false\" data-bg-color=\"\" data-bg-opacity=\"1\" data-animation=\"\" data-delay=\"0\" >\n\t\t<div class=\"vc_column-inner\" >\n\t\t\t<div class=\"wpb_wrapper\">\n\t\t\t\t\n<div class=\"wpb_text_column wpb_content_element  main options\" >\n\t<div class=\"col-grid-2\">\n<div>\n<h3>\u00bfCuales Son Mis Opciones?<\/h3>\n<\/div>\n<div>\n<h4 class=\"do-nothing\">No hacer nada<\/h4>\n<div class=\"truncate-3\">Si no hace nada y el Tribunal otorga la aprobaci\u00f3n final del acuerdo, usted recibir\u00e1 un pago de indemnizaci\u00f3n en virtud del presente. Si no hace nada y el Tribunal otorga la aprobaci\u00f3n final, usted tambi\u00e9n renunciar\u00e1 a cualquier reclamaci\u00f3n conforme la ley estatal, si procede.<\/div>\n<h4 class=\"exclude\">Retiro voluntario<\/h4>\n<p class=\"deadline\">\u2014 Fecha l\u00edmite: 2 de marzo de 2026<\/p>\n<div class=\"truncate-3\">Si usted es miembro de la acci\u00f3n colectiva y no quiere quedar vinculado respecto del acuerdo de conciliaci\u00f3n, debe solicitar el retiro voluntario por escrito. <strong><u>Las personas que soliciten su exclusi\u00f3n del acuerdo no tendr\u00e1n  derecho a recibir pagos <\/u>\u00a0<u>por las participaciones de los miembros de la acci\u00f3n colectiva en el acuerdo y no quedar\u00e1n  vinculados respecto de dichas participaciones, ni tendr\u00e1n derecho a apelar, objetar o hacer observaciones al  respecto. <\/u>\u00a0<u>Settlement Agreement or have any right to object, appeal or comment thereon<\/u><\/strong>Para obtener instrucciones completas sobre c\u00f3mo excluirse del acuerdo, consulte el <a href=\"\/es\/important-case-documents\/\">Aviso<\/a>.<\/div>\n<h4 class=\"object\">Objeciones<\/h4>\n<p class=\"deadline\">\u2014 Fecha l\u00edmite: 2 de marzo de 2026<\/p>\n<div class=\"truncate-3\">Si usted es miembro de la acci\u00f3n colectiva y desea hacer objeciones sobre el acuerdo, debe presentar una declaraci\u00f3n escrita con sus comentarios. Para obtener instrucciones completas sobre c\u00f3mo oponerse al acuerdo, consulte el <a href=\"\/es\/important-case-documents\/\">Aviso<\/a>.<\/div>\n<\/div>\n<div><\/div>\n<\/div>\n<\/div>\n\n\n\n\n\t\t\t<\/div> \n\t\t<\/div>\n\t<\/div> \n<\/div><\/div>","protected":false},"excerpt":{"rendered":"Autoshine SettlementVelazquez et al. v. Auto Super Wash et al., Case No. CAM-L-003758-24, Superior Court of New JerseySubmit Online Payment Election If you received a Notice, it is because records...","protected":false},"author":2,"featured_media":0,"parent":0,"menu_order":0,"comment_status":"closed","ping_status":"closed","template":"","meta":{"footnotes":""},"class_list":["post-15","page","type-page","status-publish"],"yoast_head":"<!-- This site is optimized with the Yoast SEO plugin v26.7 - https:\/\/yoast.com\/wordpress\/plugins\/seo\/ -->\n<title>Home - Autoshine Settlement<\/title>\n<meta name=\"robots\" content=\"index, follow, max-snippet:-1, max-image-preview:large, max-video-preview:-1\" \/>\n<link rel=\"canonical\" href=\"https:\/\/autoshinesettlement.com\/es\/\" \/>\n<meta property=\"og:locale\" content=\"es_ES\" \/>\n<meta property=\"og:type\" content=\"article\" \/>\n<meta property=\"og:title\" content=\"Home - Autoshine Settlement\" \/>\n<meta property=\"og:url\" content=\"https:\/\/autoshinesettlement.com\/es\/\" \/>\n<meta property=\"og:site_name\" content=\"Autoshine Settlement\" \/>\n<meta property=\"article:modified_time\" content=\"2026-01-14T20:07:46+00:00\" \/>\n<meta name=\"twitter:card\" content=\"summary_large_image\" \/>\n<meta name=\"twitter:label1\" content=\"Est. reading time\" \/>\n\t<meta name=\"twitter:data1\" content=\"7 minutos\" \/>\n<script type=\"application\/ld+json\" class=\"yoast-schema-graph\">{\"@context\":\"https:\/\/schema.org\",\"@graph\":[{\"@type\":\"WebPage\",\"@id\":\"https:\/\/autoshinesettlement.com\/\",\"url\":\"https:\/\/autoshinesettlement.com\/\",\"name\":\"Home - Autoshine Settlement\",\"isPartOf\":{\"@id\":\"https:\/\/autoshinesettlement.com\/#website\"},\"datePublished\":\"2018-12-13T00:03:03+00:00\",\"dateModified\":\"2026-01-14T20:07:46+00:00\",\"breadcrumb\":{\"@id\":\"https:\/\/autoshinesettlement.com\/#breadcrumb\"},\"inLanguage\":\"es\",\"potentialAction\":[{\"@type\":\"ReadAction\",\"target\":[\"https:\/\/autoshinesettlement.com\/\"]}]},{\"@type\":\"BreadcrumbList\",\"@id\":\"https:\/\/autoshinesettlement.com\/#breadcrumb\",\"itemListElement\":[{\"@type\":\"ListItem\",\"position\":1,\"name\":\"Home\",\"item\":\"https:\/\/autoshinesettlement.com\/\"},{\"@type\":\"ListItem\",\"position\":2,\"name\":\"Home\"}]},{\"@type\":\"WebSite\",\"@id\":\"https:\/\/autoshinesettlement.com\/#website\",\"url\":\"https:\/\/autoshinesettlement.com\/\",\"name\":\"Autoshine Settlement\",\"description\":\"\",\"potentialAction\":[{\"@type\":\"SearchAction\",\"target\":{\"@type\":\"EntryPoint\",\"urlTemplate\":\"https:\/\/autoshinesettlement.com\/?s={search_term_string}\"},\"query-input\":{\"@type\":\"PropertyValueSpecification\",\"valueRequired\":true,\"valueName\":\"search_term_string\"}}],\"inLanguage\":\"es\"}]}<\/script>\n<!-- \/ Yoast SEO plugin. -->","yoast_head_json":{"title":"Home - Autoshine Settlement","robots":{"index":"index","follow":"follow","max-snippet":"max-snippet:-1","max-image-preview":"max-image-preview:large","max-video-preview":"max-video-preview:-1"},"canonical":"https:\/\/autoshinesettlement.com\/es\/","og_locale":"es_ES","og_type":"article","og_title":"Home - Autoshine Settlement","og_url":"https:\/\/autoshinesettlement.com\/es\/","og_site_name":"Autoshine Settlement","article_modified_time":"2026-01-14T20:07:46+00:00","twitter_card":"summary_large_image","twitter_misc":{"Est. reading time":"7 minutos"},"schema":{"@context":"https:\/\/schema.org","@graph":[{"@type":"WebPage","@id":"https:\/\/autoshinesettlement.com\/","url":"https:\/\/autoshinesettlement.com\/","name":"Home - Autoshine Settlement","isPartOf":{"@id":"https:\/\/autoshinesettlement.com\/#website"},"datePublished":"2018-12-13T00:03:03+00:00","dateModified":"2026-01-14T20:07:46+00:00","breadcrumb":{"@id":"https:\/\/autoshinesettlement.com\/#breadcrumb"},"inLanguage":"es","potentialAction":[{"@type":"ReadAction","target":["https:\/\/autoshinesettlement.com\/"]}]},{"@type":"BreadcrumbList","@id":"https:\/\/autoshinesettlement.com\/#breadcrumb","itemListElement":[{"@type":"ListItem","position":1,"name":"Home","item":"https:\/\/autoshinesettlement.com\/"},{"@type":"ListItem","position":2,"name":"Home"}]},{"@type":"WebSite","@id":"https:\/\/autoshinesettlement.com\/#website","url":"https:\/\/autoshinesettlement.com\/","name":"Autoshine Settlement","description":"","potentialAction":[{"@type":"SearchAction","target":{"@type":"EntryPoint","urlTemplate":"https:\/\/autoshinesettlement.com\/?s={search_term_string}"},"query-input":{"@type":"PropertyValueSpecification","valueRequired":true,"valueName":"search_term_string"}}],"inLanguage":"es"}]}},"_links":{"self":[{"href":"https:\/\/autoshinesettlement.com\/es\/wp-json\/wp\/v2\/pages\/15","targetHints":{"allow":["GET"]}}],"collection":[{"href":"https:\/\/autoshinesettlement.com\/es\/wp-json\/wp\/v2\/pages"}],"about":[{"href":"https:\/\/autoshinesettlement.com\/es\/wp-json\/wp\/v2\/types\/page"}],"author":[{"embeddable":true,"href":"https:\/\/autoshinesettlement.com\/es\/wp-json\/wp\/v2\/users\/2"}],"replies":[{"embeddable":true,"href":"https:\/\/autoshinesettlement.com\/es\/wp-json\/wp\/v2\/comments?post=15"}],"version-history":[{"count":0,"href":"https:\/\/autoshinesettlement.com\/es\/wp-json\/wp\/v2\/pages\/15\/revisions"}],"wp:attachment":[{"href":"https:\/\/autoshinesettlement.com\/es\/wp-json\/wp\/v2\/media?parent=15"}],"curies":[{"name":"wp","href":"https:\/\/api.w.org\/{rel}","templated":true}]}}