{"id":46,"date":"2018-12-28T16:30:40","date_gmt":"2018-12-28T16:30:40","guid":{"rendered":"http:\/\/spsettlement.wpenginepowered.com\/?page_id=46"},"modified":"2026-01-15T19:04:09","modified_gmt":"2026-01-15T19:04:09","slug":"important-case-documents","status":"publish","type":"page","link":"https:\/\/autoshinesettlement.com\/es\/important-case-documents\/","title":{"rendered":"Documentos importantes del caso"},"content":{"rendered":"<div id=\"fws_69e394d1da9d3\"  data-column-margin=\"default\" data-midnight=\"dark\"  class=\"wpb_row vc_row-fluid vc_row full-width-content has-row-bg-color vc_row-o-equal-height vc_row-flex vc_row-o-content-top\"  style=\"padding-top: 0px; padding-bottom: 0px; --row-bg-color: #333333;\"><div class=\"row-bg-wrap\" data-bg-animation=\"none\" data-bg-animation-delay=\"\" data-bg-overlay=\"false\"><div class=\"inner-wrap row-bg-layer using-image\" ><div class=\"row-bg viewport-desktop using-image using-bg-color\"  style=\"background-image: url(https:\/\/autoshinesettlement.com\/wp-content\/uploads\/2025\/02\/DarkGrayBackground_revised_v2.png); background-position: left top; background-repeat: no-repeat; background-color: #333333; \"><\/div><\/div><\/div><div class=\"row_col_wrap_12 col span_12 dark left\">\n\t<div  class=\"vc_col-sm-12 wpb_column column_container vc_column_container col no-extra-padding inherit_tablet inherit_phone flex_gap_desktop_10px\"  data-padding-pos=\"all\" data-has-bg-color=\"false\" data-bg-color=\"\" data-bg-opacity=\"1\" data-animation=\"\" data-delay=\"0\" >\n\t\t<div class=\"vc_column-inner\" >\n\t\t\t<div class=\"wpb_wrapper\">\n\t\t\t\t<div class=\"divider-wrap\" data-alignment=\"default\"><div style=\"height: 50px;\" class=\"divider\"><\/div><\/div><h1 style=\"color: #ffffff;text-align: left\" class=\"vc_custom_heading vc_do_custom_heading page-title\" >Documentos importantes del caso<\/h1><div class=\"divider-wrap\" data-alignment=\"default\"><div style=\"height: 50px;\" class=\"divider\"><\/div><\/div>\n\t\t\t<\/div> \n\t\t<\/div>\n\t<\/div> \n<\/div><\/div>\n\t\t<div id=\"fws_69e394d1dae70\"  data-column-margin=\"default\" data-midnight=\"dark\"  class=\"wpb_row vc_row-fluid vc_row full-width-section main-section bottom_padding_phone_0px\"  style=\"padding-top: 0px; padding-bottom: 100px; \"><div class=\"row-bg-wrap\" data-bg-animation=\"none\" data-bg-animation-delay=\"\" data-bg-overlay=\"false\"><div class=\"inner-wrap row-bg-layer\" ><div class=\"row-bg viewport-desktop\"  style=\"\"><\/div><\/div><\/div><div class=\"row_col_wrap_12 col span_12 dark left\">\n\t<div  class=\"vc_col-sm-2 wpb_column column_container vc_column_container col no-extra-padding inherit_tablet inherit_phone flex_gap_desktop_10px\"  data-padding-pos=\"all\" data-has-bg-color=\"false\" data-bg-color=\"\" data-bg-opacity=\"1\" data-animation=\"\" data-delay=\"0\" >\n\t\t<div class=\"vc_column-inner\" >\n\t\t\t<div class=\"wpb_wrapper\">\n\t\t\t\t\n\t\t\t<\/div> \n\t\t<\/div>\n\t<\/div> \n\n\t<div  class=\"vc_col-sm-6 wpb_column column_container vc_column_container col no-extra-padding inherit_tablet inherit_phone flex_gap_desktop_10px\"  data-padding-pos=\"all\" data-has-bg-color=\"false\" data-bg-color=\"\" data-bg-opacity=\"1\" data-animation=\"\" data-delay=\"0\" >\n\t\t<div class=\"vc_column-inner\" >\n\t\t\t<div class=\"wpb_wrapper\">\n\t\t\t\t<div class=\"divider-wrap\" data-alignment=\"default\"><div style=\"height: 30px;\" class=\"divider\"><\/div><\/div>\n<div class=\"wpb_text_column wpb_content_element\" >\n\t<h3>Documentos de liquidaci\u00f3n<\/h3>\n<ul>\n<li><a href=\"\/wp-content\/uploads\/2026\/01\/VelazquezASW_Notice_EN.pdf\">Notice of Class Action Settlement (English)<\/a><\/li>\n<li><a href=\"\/wp-content\/uploads\/2026\/01\/VelazquezASW_Notice_ES.pdf\">Notificaci\u00f3n de Acuerdo de Conciliaci\u00f3n de Acci\u00f3n Colectiva (Espa\u00f1ol)<\/a><\/li>\n<li><a href=\"\/wp-content\/uploads\/2026\/01\/Settlement-Agreement.pdf\">Settlement Agreement<\/a><\/li>\n<li><a href=\"\/wp-content\/uploads\/2026\/01\/Preliminary-Approval-Order.pdf\">Preliminary Approval Order<\/a><\/li>\n<\/ul>\n<\/div>\n\n\n\n\n\t\t\t<\/div> \n\t\t<\/div>\n\t<\/div> \n\n\t<div  class=\"vc_col-sm-4 wpb_column column_container vc_column_container col no-extra-padding inherit_tablet inherit_phone flex_gap_desktop_10px\"  data-padding-pos=\"all\" data-has-bg-color=\"false\" data-bg-color=\"\" data-bg-opacity=\"1\" data-animation=\"\" data-delay=\"0\" >\n\t\t<div class=\"vc_column-inner\" >\n\t\t\t<div class=\"wpb_wrapper\">\n\t\t\t\t\n\t\t\t<\/div> \n\t\t<\/div>\n\t<\/div> \n<\/div><\/div>","protected":false},"excerpt":{"rendered":"Important Case Documents Settlement Documents Notice of Class Action Settlement (English) Notificaci\u00f3n de Acuerdo de Conciliaci\u00f3n de Acci\u00f3n Colectiva (Espa\u00f1ol) Settlement Agreement Preliminary Approval Order","protected":false},"author":2,"featured_media":0,"parent":0,"menu_order":0,"comment_status":"closed","ping_status":"closed","template":"","meta":{"footnotes":""},"class_list":["post-46","page","type-page","status-publish"],"yoast_head":"<!-- This site is optimized with the Yoast SEO plugin v26.7 - https:\/\/yoast.com\/wordpress\/plugins\/seo\/ -->\n<title>Important Case Documents - Autoshine Settlement<\/title>\n<meta name=\"robots\" content=\"index, follow, max-snippet:-1, max-image-preview:large, max-video-preview:-1\" \/>\n<link rel=\"canonical\" href=\"https:\/\/autoshinesettlement.com\/es\/important-case-documents\/\" \/>\n<meta property=\"og:locale\" content=\"es_ES\" \/>\n<meta property=\"og:type\" content=\"article\" \/>\n<meta property=\"og:title\" content=\"Important Case Documents - Autoshine Settlement\" \/>\n<meta property=\"og:url\" content=\"https:\/\/autoshinesettlement.com\/es\/important-case-documents\/\" \/>\n<meta property=\"og:site_name\" content=\"Autoshine Settlement\" \/>\n<meta property=\"article:modified_time\" content=\"2026-01-15T19:04:09+00:00\" \/>\n<meta name=\"twitter:card\" content=\"summary_large_image\" \/>\n<meta name=\"twitter:label1\" content=\"Est. reading time\" \/>\n\t<meta name=\"twitter:data1\" content=\"1 minuto\" \/>\n<script type=\"application\/ld+json\" class=\"yoast-schema-graph\">{\"@context\":\"https:\/\/schema.org\",\"@graph\":[{\"@type\":\"WebPage\",\"@id\":\"https:\/\/autoshinesettlement.com\/important-case-documents\/\",\"url\":\"https:\/\/autoshinesettlement.com\/important-case-documents\/\",\"name\":\"Important Case Documents - Autoshine Settlement\",\"isPartOf\":{\"@id\":\"https:\/\/autoshinesettlement.com\/#website\"},\"datePublished\":\"2018-12-28T16:30:40+00:00\",\"dateModified\":\"2026-01-15T19:04:09+00:00\",\"breadcrumb\":{\"@id\":\"https:\/\/autoshinesettlement.com\/important-case-documents\/#breadcrumb\"},\"inLanguage\":\"es\",\"potentialAction\":[{\"@type\":\"ReadAction\",\"target\":[\"https:\/\/autoshinesettlement.com\/important-case-documents\/\"]}]},{\"@type\":\"BreadcrumbList\",\"@id\":\"https:\/\/autoshinesettlement.com\/important-case-documents\/#breadcrumb\",\"itemListElement\":[{\"@type\":\"ListItem\",\"position\":1,\"name\":\"Home\",\"item\":\"https:\/\/autoshinesettlement.com\/\"},{\"@type\":\"ListItem\",\"position\":2,\"name\":\"Important Case Documents\"}]},{\"@type\":\"WebSite\",\"@id\":\"https:\/\/autoshinesettlement.com\/#website\",\"url\":\"https:\/\/autoshinesettlement.com\/\",\"name\":\"Autoshine Settlement\",\"description\":\"\",\"potentialAction\":[{\"@type\":\"SearchAction\",\"target\":{\"@type\":\"EntryPoint\",\"urlTemplate\":\"https:\/\/autoshinesettlement.com\/?s={search_term_string}\"},\"query-input\":{\"@type\":\"PropertyValueSpecification\",\"valueRequired\":true,\"valueName\":\"search_term_string\"}}],\"inLanguage\":\"es\"}]}<\/script>\n<!-- \/ Yoast SEO plugin. -->","yoast_head_json":{"title":"Important Case Documents - Autoshine Settlement","robots":{"index":"index","follow":"follow","max-snippet":"max-snippet:-1","max-image-preview":"max-image-preview:large","max-video-preview":"max-video-preview:-1"},"canonical":"https:\/\/autoshinesettlement.com\/es\/important-case-documents\/","og_locale":"es_ES","og_type":"article","og_title":"Important Case Documents - Autoshine Settlement","og_url":"https:\/\/autoshinesettlement.com\/es\/important-case-documents\/","og_site_name":"Autoshine Settlement","article_modified_time":"2026-01-15T19:04:09+00:00","twitter_card":"summary_large_image","twitter_misc":{"Est. reading time":"1 minuto"},"schema":{"@context":"https:\/\/schema.org","@graph":[{"@type":"WebPage","@id":"https:\/\/autoshinesettlement.com\/important-case-documents\/","url":"https:\/\/autoshinesettlement.com\/important-case-documents\/","name":"Important Case Documents - Autoshine Settlement","isPartOf":{"@id":"https:\/\/autoshinesettlement.com\/#website"},"datePublished":"2018-12-28T16:30:40+00:00","dateModified":"2026-01-15T19:04:09+00:00","breadcrumb":{"@id":"https:\/\/autoshinesettlement.com\/important-case-documents\/#breadcrumb"},"inLanguage":"es","potentialAction":[{"@type":"ReadAction","target":["https:\/\/autoshinesettlement.com\/important-case-documents\/"]}]},{"@type":"BreadcrumbList","@id":"https:\/\/autoshinesettlement.com\/important-case-documents\/#breadcrumb","itemListElement":[{"@type":"ListItem","position":1,"name":"Home","item":"https:\/\/autoshinesettlement.com\/"},{"@type":"ListItem","position":2,"name":"Important Case Documents"}]},{"@type":"WebSite","@id":"https:\/\/autoshinesettlement.com\/#website","url":"https:\/\/autoshinesettlement.com\/","name":"Autoshine Settlement","description":"","potentialAction":[{"@type":"SearchAction","target":{"@type":"EntryPoint","urlTemplate":"https:\/\/autoshinesettlement.com\/?s={search_term_string}"},"query-input":{"@type":"PropertyValueSpecification","valueRequired":true,"valueName":"search_term_string"}}],"inLanguage":"es"}]}},"_links":{"self":[{"href":"https:\/\/autoshinesettlement.com\/es\/wp-json\/wp\/v2\/pages\/46","targetHints":{"allow":["GET"]}}],"collection":[{"href":"https:\/\/autoshinesettlement.com\/es\/wp-json\/wp\/v2\/pages"}],"about":[{"href":"https:\/\/autoshinesettlement.com\/es\/wp-json\/wp\/v2\/types\/page"}],"author":[{"embeddable":true,"href":"https:\/\/autoshinesettlement.com\/es\/wp-json\/wp\/v2\/users\/2"}],"replies":[{"embeddable":true,"href":"https:\/\/autoshinesettlement.com\/es\/wp-json\/wp\/v2\/comments?post=46"}],"version-history":[{"count":0,"href":"https:\/\/autoshinesettlement.com\/es\/wp-json\/wp\/v2\/pages\/46\/revisions"}],"wp:attachment":[{"href":"https:\/\/autoshinesettlement.com\/es\/wp-json\/wp\/v2\/media?parent=46"}],"curies":[{"name":"wp","href":"https:\/\/api.w.org\/{rel}","templated":true}]}}